{"id":3,"date":"2024-10-09T04:59:19","date_gmt":"2024-10-09T02:59:19","guid":{"rendered":"https:\/\/globalebafund.org\/?page_id=3"},"modified":"2025-02-13T07:34:26","modified_gmt":"2025-02-13T07:34:26","slug":"privacy-policy","status":"publish","type":"page","link":"https:\/\/globalebafund.org\/es\/politica-de-privacidad-2\/","title":{"rendered":"pol\u00edtica de privacidad"},"content":{"rendered":"<div data-elementor-type=\"wp-page\" data-elementor-id=\"3\" class=\"elementor elementor-3\" data-elementor-post-type=\"page\">\n\t\t\t\t<div class=\"has_ae_slider elementor-element elementor-element-7e66b1f5 e-flex e-con-boxed ae-bg-gallery-type-default e-con e-parent\" data-id=\"7e66b1f5\" data-element_type=\"container\">\n\t\t\t\t\t<div class=\"e-con-inner\">\n\t\t\t\t<div class=\"elementor-element elementor-element-a0b1049 elementor-widget elementor-widget-heading\" data-id=\"a0b1049\" data-element_type=\"widget\" data-settings=\"{&quot;ekit_we_effect_on&quot;:&quot;none&quot;}\" data-widget_type=\"heading.default\">\n\t\t\t\t<div class=\"elementor-widget-container\">\n\t\t\t\t\t<h2 class=\"elementor-heading-title elementor-size-default\">pol\u00edtica de privacidad<\/h2>\t\t\t\t<\/div>\n\t\t\t\t<\/div>\n\t\t\t\t<div class=\"elementor-element elementor-element-c35c076 elementor-widget elementor-widget-text-editor\" data-id=\"c35c076\" data-element_type=\"widget\" data-settings=\"{&quot;ekit_we_effect_on&quot;:&quot;none&quot;}\" data-widget_type=\"text-editor.default\">\n\t\t\t\t<div class=\"elementor-widget-container\">\n\t\t\t\t\t\t\t\t\t\n<p>La Uni\u00f3n Internacional para la Conservaci\u00f3n de la Naturaleza (UICN) y el Programa de las Naciones Unidas para el Medio Ambiente (PNUMA), en su calidad de secretar\u00eda del Fondo Mundial AbE, se comprometen a respetar su privacidad de conformidad con el Reglamento (UE) 2016\/679 del Parlamento Europeo y del Consejo, de 27 de abril de 2016, relativo a la protecci\u00f3n de las personas f\u00edsicas en lo que respecta al tratamiento de datos personales y a la libre circulaci\u00f3n de estos datos. Declaro:<\/p>\n\n\n\n<ul class=\"wp-block-list\">\n<li>Por la presente autorizo el tratamiento de mis datos personales (pa\u00eds y tipo de instituci\u00f3n) en el marco del Proyecto \u201cApoyo a la Implementaci\u00f3n y Escalamiento de la Adaptaci\u00f3n Basada en Ecosistemas\u201d, para fines de informes;<\/li>\n\n\n\n<li>Los datos recopilados se utilizar\u00e1n para fines de presentaci\u00f3n de informes en el marco del Proyecto \u201cApoyo a la implementaci\u00f3n y ampliaci\u00f3n de la adaptaci\u00f3n basada en ecosistemas\u201d y se conceder\u00e1 acceso al equipo de coordinaci\u00f3n del proyecto;<\/li>\n\n\n\n<li>Los datos recogidos se conservar\u00e1n durante un m\u00e1ximo de 10 a\u00f1os.<\/li>\n<\/ul>\n\n\n\n<p>El Fondo Mundial AbE sigue la iniciativa de la UICN&nbsp;<a href=\"https:\/\/portals.iucn.org\/dataprotection\/privacypolicy\" target=\"_blank\" rel=\"noreferrer noopener\">pol\u00edtica de privacidad<\/a>.<\/p>\n\n\n\n<p>La direcci\u00f3n de nuestra web es: https:\/\/globalebafund.org.<\/p>\n\n\n\n<h2 class=\"wp-block-heading\">Qu\u00e9 datos personales recopilamos y por qu\u00e9 los recopilamos<\/h2>\n\n\n\n<p>En determinadas circunstancias, usted nos proporciona informaci\u00f3n, por ejemplo, cuando crea una cuenta en los sistemas de la UICN, llena formularios en los sitios de la UICN, se suscribe a los boletines de la UICN, se registra para eventos, visita las instalaciones de la UICN, se comunica con nosotros por tel\u00e9fono o correo electr\u00f3nico o de otro modo. La informaci\u00f3n que nos proporciona puede incluir su designaci\u00f3n, nombre(s), sexo, direcci\u00f3n f\u00edsica, direcci\u00f3n de correo electr\u00f3nico, n\u00famero de tel\u00e9fono, n\u00famero de tel\u00e9fono m\u00f3vil, fecha de nacimiento, nacionalidad, pa\u00eds de residencia, descripci\u00f3n personal, biograf\u00eda, fotograf\u00eda, informaci\u00f3n de identificaci\u00f3n o pasaporte, preferencia de idioma, cargo, puesto, organizaci\u00f3n, tipo de organizaci\u00f3n, \u00e1reas de especializaci\u00f3n, funci\u00f3n, informaci\u00f3n de contacto de emergencia, nombre e informaci\u00f3n de contacto de la(s) persona(s) acompa\u00f1ante(s), detalles de pago, detalles de la cuenta bancaria, informaci\u00f3n de la tarjeta de cr\u00e9dito o informaci\u00f3n relacionada con su experiencia laboral y detalles de la solicitud de empleo.<\/p>\n\n\n\n<p>Recopilamos autom\u00e1ticamente la siguiente informaci\u00f3n de sus visitas a los sitios de la UICN:<\/p>\n\n\n\n<ul class=\"wp-block-list\">\n<li>informaci\u00f3n t\u00e9cnica, incluida la direcci\u00f3n de protocolo de Internet (IP) utilizada para conectar su computadora o dispositivo m\u00f3vil a Internet, identificadores en l\u00ednea, su informaci\u00f3n de inicio de sesi\u00f3n, tipo y versi\u00f3n de navegador, configuraci\u00f3n de zona horaria, tipos y versiones de complementos del navegador, sistema operativo y plataforma; y<\/li>\n\n\n\n<li>informaci\u00f3n sobre su visita, incluidos los localizadores uniformes de recursos (URL) completos y el flujo de clics hacia, a trav\u00e9s y desde los sitios de la UICN (incluida fecha y hora).<\/li>\n<\/ul>\n\n\n\n<p>En otras circunstancias, usted nos proporciona su informaci\u00f3n personal, como su nombre, direcci\u00f3n, direcci\u00f3n de correo electr\u00f3nico, n\u00famero de tel\u00e9fono y de m\u00f3vil, etc., cuando solicita un empleo, solicita convertirse en miembro de un Consejo o de una Comisi\u00f3n, es invitado a ser orador en un evento o es un candidato nominado. Como posible candidato a miembro de la UICN, tambi\u00e9n nos proporciona la informaci\u00f3n personal de su(s) representante(s).<\/p>\n\n\n\n<h3 class=\"wp-block-heading\">Comentarios<\/h3>\n\n\n\n<p>Cuando los visitantes dejan comentarios en el sitio, recopilamos los datos que se muestran en el formulario de comentarios, y tambi\u00e9n la direcci\u00f3n IP del visitante y la cadena del agente de usuario del navegador para ayudar a la detecci\u00f3n de spam.<\/p>\n\n\n\n<p>Es posible que se proporcione al servicio Gravatar una cadena an\u00f3nima creada a partir de su direcci\u00f3n de correo electr\u00f3nico (tambi\u00e9n llamada hash) para ver si la est\u00e1 utilizando. La pol\u00edtica de privacidad del servicio Gravatar est\u00e1 disponible aqu\u00ed: https:\/\/automattic.com\/privacy\/. Despu\u00e9s de la aprobaci\u00f3n de su comentario, su foto de perfil es visible para el p\u00fablico en el contexto de su comentario.<\/p>\n\n\n\n<h3 class=\"wp-block-heading\">Medios de comunicaci\u00f3n<\/h3>\n\n\n\n<p>Si subes im\u00e1genes al sitio web, debes evitar subir im\u00e1genes con datos de ubicaci\u00f3n incrustados (GPS EXIF). Los visitantes del sitio web pueden descargar y extraer cualquier dato de ubicaci\u00f3n de las im\u00e1genes del sitio web.<\/p>\n\n\n\n<h3 class=\"wp-block-heading\">Formularios de contacto<\/h3>\n\n\n\n<p>Si rellena un formulario de contacto en este sitio web, sus datos personales se recopilan y se conservan indefinidamente. Esta informaci\u00f3n no se utilizar\u00e1 con fines comerciales.<\/p>\n\n\n\n<h3 class=\"wp-block-heading\">Galletas<\/h3>\n\n\n\n<p>Utilizamos cookies para diversos fines. Las cookies nos ayudan a proporcionarle una buena experiencia cuando navega por los sistemas y sitios de la UICN y nos permiten mejorarlos. Si contin\u00faa navegando por los sistemas y sitios de la UICN, estar\u00e1 aceptando el uso de cookies.<\/p>\n\n\n\n<p>Puede bloquear las cookies activando la configuraci\u00f3n de su navegador que le permite rechazar la instalaci\u00f3n de todas o algunas cookies. Sin embargo, si utiliza la configuraci\u00f3n de su navegador para bloquear todas las cookies (incluidas las cookies esenciales), es posible que no pueda acceder a todo o parte del sistema o sitio(s) en cuesti\u00f3n.<\/p>\n\n\n\n<h3 class=\"wp-block-heading\">Contenido incrustado de otros sitios web<\/h3>\n\n\n\n<p>Los art\u00edculos de este sitio pueden incluir contenido incrustado (por ejemplo, v\u00eddeos, im\u00e1genes, art\u00edculos, etc.). El contenido incrustado de otros sitios web se comporta exactamente de la misma manera que si el visitante hubiera visitado el otro sitio web.<\/p>\n\n\n\n<p>Estos sitios web pueden recopilar datos sobre usted, utilizar cookies, incrustar un seguimiento adicional de terceros y supervisar su interacci\u00f3n con ese contenido incrustado, incluido el seguimiento de su interacci\u00f3n con el contenido incrustado si tiene una cuenta y est\u00e1 conectado a ese sitio web.<\/p>\n\n\n\n<h2 class=\"wp-block-heading\">Con qui\u00e9n compartimos tus datos<\/h2>\n\n\n\n<p>La Uni\u00f3n Internacional para la Conservaci\u00f3n de la Naturaleza (UICN) y el Programa de las Naciones Unidas para el Medio Ambiente (PNUMA), actuando como secretar\u00eda del Fondo Mundial AbE, se comprometen a respetar su privacidad de conformidad con el Reglamento (UE) 2016\/679 del Parlamento Europeo y del Consejo, de 27 de abril de 2016, relativo a la protecci\u00f3n de las personas f\u00edsicas en lo que respecta al tratamiento de datos personales y a la libre circulaci\u00f3n de estos datos.<\/p>\n\n\n\n<h2 class=\"wp-block-heading\">Durante cu\u00e1nto tiempo conservamos sus datos<\/h2>\n\n\n\n<p>Conservamos su informaci\u00f3n personal durante el tiempo que sea necesario para cumplir el prop\u00f3sito para el que fue recopilada o para cumplir con los requisitos legales o reglamentarios.<\/p>\n\n\n\n<h2 class=\"wp-block-heading\">Qu\u00e9 derechos tienes sobre tus datos<\/h2>\n\n\n\n<p>Si tienes una cuenta en este sitio o has dejado comentarios, puedes solicitar recibir un archivo exportado de los datos personales que tenemos sobre ti, incluyendo cualquier dato que nos hayas proporcionado. Tambi\u00e9n puedes solicitar que borremos cualquier dato personal que tengamos sobre ti. Esto no incluye ning\u00fan dato que estemos obligados a conservar con fines administrativos, legales o de seguridad.<\/p>\n\n\n\n<h2 class=\"wp-block-heading\">D\u00f3nde enviamos tus datos<\/h2>\n\n\n\n<p>Los comentarios de los visitantes pueden revisarse a trav\u00e9s de un servicio de detecci\u00f3n autom\u00e1tica de spam.<\/p>\n\n\n\n<h3 class=\"wp-block-heading\">C\u00f3mo protegemos sus datos<\/h3>\n\n\n\n<p>Nos comprometemos a proteger la seguridad de su informaci\u00f3n personal. Toda informaci\u00f3n personal que nos proporcione se manejar\u00e1 con el debido cuidado y seguridad, y no se utilizar\u00e1 de ninguna manera distinta a la establecida en esta pol\u00edtica de privacidad o en las pol\u00edticas espec\u00edficas de cualquier sitio o \u00e1rea, o de formas para las que usted no haya dado su consentimiento expl\u00edcito.<\/p>\n\n\n\n<p>Toda la informaci\u00f3n que nos proporciona se almacena en nuestros servidores seguros. Todas las transacciones de pago son procesadas por terceros que procesan los pagos utilizando est\u00e1ndares de seguridad aceptados. Cuando le hayamos proporcionado (o cuando usted haya elegido) una contrase\u00f1a que le permita acceder a ciertas partes de nuestros sistemas o sitios, usted es responsable de mantener la confidencialidad de dicha contrase\u00f1a. Le solicitamos que no comparta su(s) contrase\u00f1a(s) con nadie.<\/p>\n\n\n\n<p>Nos comprometemos a garantizar un alto nivel de protecci\u00f3n de su informaci\u00f3n personal. Hemos implementado medidas t\u00e9cnicas y organizativas adecuadas para proteger la informaci\u00f3n almacenada en nuestros sistemas contra p\u00e9rdida, uso indebido, acceso o divulgaci\u00f3n no autorizados, alteraci\u00f3n o destrucci\u00f3n. Si bien la informaci\u00f3n personal almacenada por la UICN es segura, no podemos garantizar la seguridad de ninguna informaci\u00f3n durante la transmisi\u00f3n desde el sistema de un usuario hasta el momento en que la informaci\u00f3n personal llega a nuestro sistema.<\/p>\n\n\n\n<p>Todos los empleados, consultores y otros proveedores de servicios externos de la UICN que tengan acceso a su informaci\u00f3n personal o est\u00e9n involucrados en el procesamiento de su informaci\u00f3n personal est\u00e1n obligados a respetar la confidencialidad de dicha informaci\u00f3n personal y a cumplir con los principios de protecci\u00f3n de datos aplicables.<\/p>\n\n\n\n<h2 class=\"wp-block-heading\">Informaci\u00f3n del contacto<\/h2>\n\n\n\n<p>Contacto <a href=\"mailto:ali.raza@iucn.org\" target=\"_blank\" rel=\"noreferrer noopener\">Ali Raza Rizvi<\/a> y <a href=\"mailto:norah.ngeny@un.org\" target=\"_blank\" rel=\"noreferrer noopener\">Norah Cherotich Ngeny<\/a> Para m\u00e1s informaci\u00f3n.<\/p>\n\t\t\t\t\t\t\t\t<\/div>\n\t\t\t\t<\/div>\n\t\t\t\t\t<\/div>\n\t\t\t\t<\/div>\n\t\t\t\t<\/div>","protected":false},"excerpt":{"rendered":"<p>Pol\u00edtica de privacidad La Uni\u00f3n Internacional para la Conservaci\u00f3n de la Naturaleza (UICN) y el Programa de las Naciones Unidas para el Medio Ambiente (PNUMA), actuando como [\u2026]<\/p>","protected":false},"author":5,"featured_media":0,"parent":0,"menu_order":0,"comment_status":"closed","ping_status":"closed","template":"","meta":{"_acf_changed":false,"site-sidebar-layout":"default","site-content-layout":"","ast-site-content-layout":"","site-content-style":"default","site-sidebar-style":"default","ast-global-header-display":"","ast-banner-title-visibility":"","ast-main-header-display":"","ast-hfb-above-header-display":"","ast-hfb-below-header-display":"","ast-hfb-mobile-header-display":"","site-post-title":"","ast-breadcrumbs-content":"","ast-featured-img":"","footer-sml-layout":"","theme-transparent-header-meta":"","adv-header-id-meta":"","stick-header-meta":"","header-above-stick-meta":"","header-main-stick-meta":"","header-below-stick-meta":"","astra-migrate-meta-layouts":"default","ast-page-background-enabled":"default","ast-page-background-meta":{"desktop":{"background-color":"var(--ast-global-color-4)","background-image":"","background-repeat":"repeat","background-position":"center center","background-size":"auto","background-attachment":"scroll","background-type":"","background-media":"","overlay-type":"","overlay-color":"","overlay-opacity":"","overlay-gradient":""},"tablet":{"background-color":"","background-image":"","background-repeat":"repeat","background-position":"center center","background-size":"auto","background-attachment":"scroll","background-type":"","background-media":"","overlay-type":"","overlay-color":"","overlay-opacity":"","overlay-gradient":""},"mobile":{"background-color":"","background-image":"","background-repeat":"repeat","background-position":"center center","background-size":"auto","background-attachment":"scroll","background-type":"","background-media":"","overlay-type":"","overlay-color":"","overlay-opacity":"","overlay-gradient":""}},"ast-content-background-meta":{"desktop":{"background-color":"var(--ast-global-color-5)","background-image":"","background-repeat":"repeat","background-position":"center center","background-size":"auto","background-attachment":"scroll","background-type":"","background-media":"","overlay-type":"","overlay-color":"","overlay-opacity":"","overlay-gradient":""},"tablet":{"background-color":"var(--ast-global-color-5)","background-image":"","background-repeat":"repeat","background-position":"center center","background-size":"auto","background-attachment":"scroll","background-type":"","background-media":"","overlay-type":"","overlay-color":"","overlay-opacity":"","overlay-gradient":""},"mobile":{"background-color":"var(--ast-global-color-5)","background-image":"","background-repeat":"repeat","background-position":"center center","background-size":"auto","background-attachment":"scroll","background-type":"","background-media":"","overlay-type":"","overlay-color":"","overlay-opacity":"","overlay-gradient":""}}},"class_list":["post-3","page","type-page","status-publish","hentry"],"acf":[],"_links":{"self":[{"href":"https:\/\/globalebafund.org\/es\/wp-json\/wp\/v2\/pages\/3","targetHints":{"allow":["GET"]}}],"collection":[{"href":"https:\/\/globalebafund.org\/es\/wp-json\/wp\/v2\/pages"}],"about":[{"href":"https:\/\/globalebafund.org\/es\/wp-json\/wp\/v2\/types\/page"}],"author":[{"embeddable":true,"href":"https:\/\/globalebafund.org\/es\/wp-json\/wp\/v2\/users\/5"}],"replies":[{"embeddable":true,"href":"https:\/\/globalebafund.org\/es\/wp-json\/wp\/v2\/comments?post=3"}],"version-history":[{"count":8,"href":"https:\/\/globalebafund.org\/es\/wp-json\/wp\/v2\/pages\/3\/revisions"}],"predecessor-version":[{"id":8833,"href":"https:\/\/globalebafund.org\/es\/wp-json\/wp\/v2\/pages\/3\/revisions\/8833"}],"wp:attachment":[{"href":"https:\/\/globalebafund.org\/es\/wp-json\/wp\/v2\/media?parent=3"}],"curies":[{"name":"wp","href":"https:\/\/api.w.org\/{rel}","templated":true}]}}