{"id":9882,"date":"2025-11-25T17:24:35","date_gmt":"2025-11-25T17:24:35","guid":{"rendered":"https:\/\/globalebafund.org\/?page_id=9882"},"modified":"2025-12-04T07:37:55","modified_gmt":"2025-12-04T07:37:55","slug":"scaling-eba","status":"publish","type":"page","link":"https:\/\/globalebafund.org\/es\/escalamiento-de-eba\/","title":{"rendered":"Escalamiento de proyectos para catalizar la adaptaci\u00f3n transformadora basada en ecosistemas a nivel mundial"},"content":{"rendered":"<div data-elementor-type=\"wp-page\" data-elementor-id=\"9882\" class=\"elementor elementor-9882\" data-elementor-post-type=\"page\">\n\t\t\t\t<div class=\"has_ae_slider elementor-element elementor-element-20f6466 e-flex e-con-boxed ae-bg-gallery-type-default e-con e-parent\" data-id=\"20f6466\" data-element_type=\"container\" data-settings=\"{&quot;background_background&quot;:&quot;classic&quot;}\">\n\t\t\t\t\t<div class=\"e-con-inner\">\n\t\t<div class=\"has_ae_slider elementor-element elementor-element-cc88380 e-con-full e-flex ae-bg-gallery-type-default e-con e-child\" data-id=\"cc88380\" data-element_type=\"container\" data-settings=\"{&quot;background_background&quot;:&quot;classic&quot;}\">\n\t\t\t\t<div class=\"elementor-element elementor-element-3fca33a elementor-widget__width-initial elementor-widget elementor-widget-heading\" data-id=\"3fca33a\" data-element_type=\"widget\" data-settings=\"{&quot;ekit_we_effect_on&quot;:&quot;none&quot;}\" data-widget_type=\"heading.default\">\n\t\t\t\t<div class=\"elementor-widget-container\">\n\t\t\t\t\t<h1 class=\"elementor-heading-title elementor-size-default\">Escalamiento de proyectos para catalizar la adaptaci\u00f3n transformadora basada en ecosistemas a nivel mundial <\/h1>\t\t\t\t<\/div>\n\t\t\t\t<\/div>\n\t\t\t\t<\/div>\n\t\t\t\t\t<\/div>\n\t\t\t\t<\/div>\n\t\t<div class=\"has_ae_slider elementor-element elementor-element-28d7084 e-flex e-con-boxed ae-bg-gallery-type-default e-con e-parent\" data-id=\"28d7084\" data-element_type=\"container\" data-settings=\"{&quot;background_background&quot;:&quot;classic&quot;}\">\n\t\t\t\t\t<div class=\"e-con-inner\">\n\t\t<div class=\"has_ae_slider elementor-element elementor-element-aba830b e-con-full e-flex ae-bg-gallery-type-default e-con e-child\" data-id=\"aba830b\" data-element_type=\"container\" data-settings=\"{&quot;background_background&quot;:&quot;classic&quot;}\">\n\t\t\t\t<\/div>\n\t\t<div class=\"has_ae_slider elementor-element elementor-element-0b567f2 e-con-full e-flex ae-bg-gallery-type-default e-con e-child\" data-id=\"0b567f2\" data-element_type=\"container\">\n\t\t\t\t<div class=\"elementor-element elementor-element-a39b020 elementor-widget elementor-widget-text-editor\" data-id=\"a39b020\" data-element_type=\"widget\" data-settings=\"{&quot;ekit_we_effect_on&quot;:&quot;none&quot;}\" data-widget_type=\"text-editor.default\">\n\t\t\t\t<div class=\"elementor-widget-container\">\n\t\t\t\t\t\t\t\t\t<h2><b>Definici\u00f3n de escala<\/b><\/h2><p>El escalamiento es un t\u00e9rmino com\u00fan en el \u00e1mbito del desarrollo sostenible, pero su definici\u00f3n var\u00eda seg\u00fan la literatura y los actores. En su forma m\u00e1s simple, el escalamiento puede definirse como el aumento de la difusi\u00f3n y el despliegue de tecnolog\u00edas y sistemas existentes y probados.<\/p><p>Para el Fondo Global AbE, ampliar la escala de proyectos prometedores e impactantes es crucial para maximizar su impacto y promover enfoques de eficacia comprobada para la adaptaci\u00f3n clim\u00e1tica. Desde 2020, el Fondo Global AbE ha creado una cartera diversa de proyectos a peque\u00f1a escala y de alto impacto que impulsan nuevos enfoques, generan evidencia y empoderan a los socios locales. Esta creciente comunidad de pr\u00e1ctica sienta las bases de una visi\u00f3n de futuro: <b>escalar soluciones EbA probadas para lograr una resiliencia clim\u00e1tica m\u00e1s amplia y duradera.<\/b><\/p>\t\t\t\t\t\t\t\t<\/div>\n\t\t\t\t<\/div>\n\t\t\t\t<\/div>\n\t\t\t\t\t<\/div>\n\t\t\t\t<\/div>\n\t\t<div class=\"has_ae_slider elementor-element elementor-element-c82e429 e-flex e-con-boxed ae-bg-gallery-type-default e-con e-parent\" data-id=\"c82e429\" data-element_type=\"container\" data-settings=\"{&quot;background_background&quot;:&quot;classic&quot;}\">\n\t\t\t\t\t<div class=\"e-con-inner\">\n\t\t<div class=\"has_ae_slider elementor-element elementor-element-c08334a e-con-full e-flex ae-bg-gallery-type-default e-con e-child\" data-id=\"c08334a\" data-element_type=\"container\">\n\t\t\t\t<div class=\"elementor-element elementor-element-f4064ff elementor-widget elementor-widget-text-editor\" data-id=\"f4064ff\" data-element_type=\"widget\" data-settings=\"{&quot;ekit_we_effect_on&quot;:&quot;none&quot;}\" data-widget_type=\"text-editor.default\">\n\t\t\t\t<div class=\"elementor-widget-container\">\n\t\t\t\t\t\t\t\t\t<h3><b>Por qu\u00e9 es importante la escalabilidad<\/b><\/h3><p>La AbE tiene el potencial de transformar la resiliencia clim\u00e1tica cuando las soluciones trascienden los l\u00edmites de los proyectos y se integran en sistemas, instituciones y pol\u00edticas. Escalando proyectos prometedores:<\/p><ul><li><b>Multiplica el impacto<\/b> en todos los paisajes, comunidades y sectores<\/li><li><b>Se basa en evidencia validada<\/b> y las innovaciones ya probadas a trav\u00e9s de proyectos EbA<\/li><li><b>Fortalece los compromisos nacionales<\/b> en el marco global sobre clima, biodiversidad y tierra<\/li><li><b>Inversi\u00f3n des-riesgo<\/b> para instituciones financieras, sector privado y organizaciones filantr\u00f3picas<\/li><li><b>Acelera la absorci\u00f3n de EbA<\/b> donde las necesidades de resiliencia son mayores<\/li><\/ul><p>El Fondo Global AbE tiene como objetivo mejorar la resiliencia de los ecosistemas y las comunidades a trav\u00e9s de proyectos que promuevan enfoques catal\u00edticos e innovadores para la adaptaci\u00f3n clim\u00e1tica.<\/p><p>Su enfoque de escalamiento lo posiciona para actuar como un puente entre actores y niveles, conectando innovaciones exitosas impulsadas por la comunidad con mecanismos nacionales y globales capaces de adoptarlas, expandirlas o replicarlas.\u00a0<\/p>\t\t\t\t\t\t\t\t<\/div>\n\t\t\t\t<\/div>\n\t\t\t\t<\/div>\n\t\t<div class=\"has_ae_slider elementor-element elementor-element-bbaf891 e-con-full e-flex ae-bg-gallery-type-default e-con e-child\" data-id=\"bbaf891\" data-element_type=\"container\" data-settings=\"{&quot;background_background&quot;:&quot;classic&quot;}\">\n\t\t\t\t<\/div>\n\t\t\t\t\t<\/div>\n\t\t\t\t<\/div>\n\t\t<div class=\"has_ae_slider elementor-element elementor-element-bb95fa7 e-flex e-con-boxed ae-bg-gallery-type-default e-con e-parent\" data-id=\"bb95fa7\" data-element_type=\"container\" data-settings=\"{&quot;background_background&quot;:&quot;classic&quot;}\">\n\t\t\t\t\t<div class=\"e-con-inner\">\n\t\t\t\t<div class=\"elementor-element elementor-element-52f94ce elementor-widget elementor-widget-text-editor\" data-id=\"52f94ce\" data-element_type=\"widget\" data-settings=\"{&quot;ekit_we_effect_on&quot;:&quot;none&quot;}\" data-widget_type=\"text-editor.default\">\n\t\t\t\t<div class=\"elementor-widget-container\">\n\t\t\t\t\t\t\t\t\t<h3><b>C\u00f3mo se ver\u00e1 la escala<\/b><\/h3><p>Escalar para el Fondo Global AbE no consiste simplemente en replicar proyectos. Es un proceso intencional que aborda obst\u00e1culos, genera oportunidades catalizadoras y fortalece las v\u00edas desde la innovaci\u00f3n hasta el impacto sostenido.<\/p><p>El futuro apoyo para la ampliaci\u00f3n puede centrarse en cuatro enfoques complementarios:<\/p><ul><li><b>Escala horizontal:<\/b> Extender soluciones a nuevas comunidades, paisajes o pa\u00edses que enfrentan desaf\u00edos clim\u00e1ticos similares.<\/li><li><b>Escalamiento funcional:<\/b> A\u00f1adir nuevos componentes tem\u00e1ticos (como pol\u00edticas, finanzas o integraci\u00f3n de g\u00e9nero) para profundizar el impacto.<\/li><li><b>Escala vertical:<\/b> Incorporaci\u00f3n de enfoques probados en proyectos en pol\u00edticas, planes y marcos institucionales.<\/li><li><b>Escalamiento organizacional:<\/b> Fortalecimiento de las estructuras de gobernanza, las alianzas y las capacidades institucionales que sustentan la AbE.<\/li><\/ul><p>Cada enfoque respalda la visi\u00f3n a largo plazo de integrar la AbE en la planificaci\u00f3n de la adaptaci\u00f3n clim\u00e1tica, la gobernanza de los recursos naturales y el desarrollo comunitario.<\/p><h3><b>Un modelo impulsado por la asociaci\u00f3n para escalar<\/b><\/h3><p>Escalar la AbE requiere la colaboraci\u00f3n entre sectores, instituciones y geograf\u00edas. El Fondo facilitar\u00e1 el escalamiento mediante un modelo de asociaci\u00f3n que fomente <b>cooperaci\u00f3n triangular<\/b> involucrando:<\/p><ul><li><b>Socios beneficiarios<\/b> \u2013 implementadores de proyectos con soluciones EbA probadas y escalables<\/li><li><b>Socios fundamentales<\/b> \u2013 instituciones con experiencia t\u00e9cnica o capacidad operativa<\/li><li><b>Socios facilitadores<\/b> \u2013 donantes u organizaciones que apoyan la expansi\u00f3n o institucionalizaci\u00f3n<\/li><\/ul><p>A trav\u00e9s de este modelo, el Fondo ayudar\u00e1 a unir socios, fortalecer la alineaci\u00f3n con las prioridades nacionales y amplificar el potencial de las soluciones AbE para influir en sistemas m\u00e1s amplios.<\/p>\t\t\t\t\t\t\t\t<\/div>\n\t\t\t\t<\/div>\n\t\t\t\t<div class=\"elementor-element elementor-element-12a5266 elementor-widget elementor-widget-image\" data-id=\"12a5266\" data-element_type=\"widget\" data-settings=\"{&quot;ekit_we_effect_on&quot;:&quot;none&quot;}\" data-widget_type=\"image.default\">\n\t\t\t\t<div class=\"elementor-widget-container\">\n\t\t\t\t\t\t\t\t\t\t\t\t\t\t\t\t<a href=\"https:\/\/globalebafund.org\/wp-content\/uploads\/2025\/12\/scaling_EbA.png\" data-elementor-open-lightbox=\"yes\" data-elementor-lightbox-title=\"scaling_EbA\" data-e-action-hash=\"#elementor-action%3Aaction%3Dlightbox%26settings%3DeyJpZCI6OTk5NSwidXJsIjoiaHR0cHM6XC9cL2dsb2JhbGViYWZ1bmQub3JnXC93cC1jb250ZW50XC91cGxvYWRzXC8yMDI1XC8xMlwvc2NhbGluZ19FYkEucG5nIn0%3D\">\n\t\t\t\t\t\t\t<img fetchpriority=\"high\" decoding=\"async\" width=\"780\" height=\"653\" src=\"https:\/\/globalebafund.org\/wp-content\/uploads\/2025\/12\/scaling_EbA.png\" class=\"attachment-large size-large wp-image-9995\" alt=\"\" srcset=\"https:\/\/globalebafund.org\/wp-content\/uploads\/2025\/12\/scaling_EbA.png 780w, https:\/\/globalebafund.org\/wp-content\/uploads\/2025\/12\/scaling_EbA-300x251.png 300w, https:\/\/globalebafund.org\/wp-content\/uploads\/2025\/12\/scaling_EbA-768x643.png 768w, https:\/\/globalebafund.org\/wp-content\/uploads\/2025\/12\/scaling_EbA-14x12.png 14w\" sizes=\"(max-width: 780px) 100vw, 780px\" \/>\t\t\t\t\t\t\t\t<\/a>\n\t\t\t\t\t\t\t\t\t\t\t\t\t\t\t<\/div>\n\t\t\t\t<\/div>\n\t\t\t\t\t<\/div>\n\t\t\t\t<\/div>\n\t\t<div class=\"has_ae_slider elementor-element elementor-element-837b66f e-flex e-con-boxed ae-bg-gallery-type-default e-con e-parent\" data-id=\"837b66f\" data-element_type=\"container\" data-settings=\"{&quot;background_background&quot;:&quot;classic&quot;}\">\n\t\t\t\t\t<div class=\"e-con-inner\">\n\t\t<div class=\"has_ae_slider elementor-element elementor-element-d618016 e-con-full e-flex ae-bg-gallery-type-default e-con e-child\" data-id=\"d618016\" data-element_type=\"container\">\n\t\t\t\t<div class=\"elementor-element elementor-element-da67991 elementor-widget elementor-widget-text-editor\" data-id=\"da67991\" data-element_type=\"widget\" data-settings=\"{&quot;ekit_we_effect_on&quot;:&quot;none&quot;}\" data-widget_type=\"text-editor.default\">\n\t\t\t\t<div class=\"elementor-widget-container\">\n\t\t\t\t\t\t\t\t\t<h3><b>Lo que la escalabilidad podr\u00eda ofrecer<\/b><\/h3><p>El apoyo de escalamiento se centrar\u00e1 en generar resultados tangibles que posicionen los proyectos para la sostenibilidad y la inversi\u00f3n a largo plazo, tales como:<\/p><ul><li>Evaluaciones basadas en evidencia (es decir, vulnerabilidad, socioecon\u00f3micas, de g\u00e9nero, viabilidad)<\/li><li>Actualizaciones de pol\u00edticas o fortalecimiento institucional para permitir la adopci\u00f3n de AbE<\/li><li>Propuestas completas de proyectos o programas para mecanismos m\u00e1s amplios de financiaci\u00f3n del clima y la biodiversidad<\/li><li>Consultas espec\u00edficas con las partes interesadas para abrir nuevas v\u00edas de adopci\u00f3n<\/li><li>Desarrollo de capacidades y mejoras de gobernanza que refuerzan la resiliencia<\/li><\/ul><p>Estos esfuerzos garantizan que los enfoques de AbE exitosos puedan sostenerse, replicarse e integrarse en m\u00faltiples niveles.<\/p><h3><b>\u00bfPor qu\u00e9 asociarse con el Fondo Global EbA?<\/b><\/h3><p>El Fondo est\u00e1 en una posici\u00f3n \u00fanica para impulsar la ampliaci\u00f3n global de la AbE:<\/p><ul><li><b>Una cartera probada<\/b> de proyectos diversos e innovadores en todos los ecosistemas<\/li><li><b>Un marco establecido de revisi\u00f3n y seguimiento<\/b> garantizar la calidad y la rendici\u00f3n de cuentas<\/li><li><b>Una red global de implementadores y expertos<\/b> actuando como una comunidad de pr\u00e1ctica<\/li><li><b>Alineaci\u00f3n con los marcos de pol\u00edticas globales<\/b> incluido el Acuerdo de Par\u00eds y el Marco Mundial para la Diversidad Biol\u00f3gica<\/li><li><b>Amplia experiencia en AbE<\/b> de la UICN y el PNUMA como instituciones de gesti\u00f3n conjunta<\/li><\/ul><p>Al asociarse con el Fondo Global EbA, los donantes pueden ayudar a acelerar la transici\u00f3n de iniciativas piloto a un impacto sist\u00e9mico, a escala del paisaje e integrado en las pol\u00edticas.<\/p><h3><b>Asociate con nosotros<\/b><\/h3><p>El Fondo da la bienvenida a socios financieros y t\u00e9cnicos estrat\u00e9gicos deseosos de contribuir a la pr\u00f3xima generaci\u00f3n de resiliencia clim\u00e1tica. Juntos, podemos:<\/p><ul><li>Ampliar el alcance de los enfoques de AbE probados<\/li><li>Fortalecer las capacidades institucionales en m\u00faltiples niveles<\/li><li>Fomentar la innovaci\u00f3n y desbloquear nueva financiaci\u00f3n para la adaptaci\u00f3n<\/li><li>Apoyar los esfuerzos globales para integrar la naturaleza y la inclusi\u00f3n social en la acci\u00f3n clim\u00e1tica<\/li><\/ul><p>Para obtener m\u00e1s informaci\u00f3n sobre las oportunidades de asociaci\u00f3n, comun\u00edquese con la Secretar\u00eda del Fondo al <a href=\"mailto:contact.EbAFund@iucn.org\">contacto.EbAFund@iucn.org<\/a>.<\/p>\t\t\t\t\t\t\t\t<\/div>\n\t\t\t\t<\/div>\n\t\t\t\t<\/div>\n\t\t<div class=\"has_ae_slider elementor-element elementor-element-3b0daa6 e-con-full e-flex ae-bg-gallery-type-default e-con e-child\" data-id=\"3b0daa6\" data-element_type=\"container\" data-settings=\"{&quot;background_background&quot;:&quot;classic&quot;}\">\n\t\t\t\t<\/div>\n\t\t\t\t\t<\/div>\n\t\t\t\t<\/div>\n\t\t\t\t<\/div>","protected":false},"excerpt":{"rendered":"<p>Escalamiento de proyectos para catalizar la adaptaci\u00f3n transformadora basada en ecosistemas a nivel mundial Definici\u00f3n de escalamiento El escalamiento es un t\u00e9rmino com\u00fan utilizado en el campo de [\u2026]<\/p>","protected":false},"author":11,"featured_media":0,"parent":0,"menu_order":0,"comment_status":"closed","ping_status":"closed","template":"","meta":{"_acf_changed":false,"site-sidebar-layout":"no-sidebar","site-content-layout":"","ast-site-content-layout":"full-width-container","site-content-style":"default","site-sidebar-style":"default","ast-global-header-display":"","ast-banner-title-visibility":"","ast-main-header-display":"","ast-hfb-above-header-display":"","ast-hfb-below-header-display":"","ast-hfb-mobile-header-display":"","site-post-title":"disabled","ast-breadcrumbs-content":"","ast-featured-img":"disabled","footer-sml-layout":"","theme-transparent-header-meta":"default","adv-header-id-meta":"","stick-header-meta":"default","header-above-stick-meta":"","header-main-stick-meta":"","header-below-stick-meta":"","astra-migrate-meta-layouts":"set","ast-page-background-enabled":"default","ast-page-background-meta":{"desktop":{"background-color":"var(--ast-global-color-4)","background-image":"","background-repeat":"repeat","background-position":"center center","background-size":"auto","background-attachment":"scroll","background-type":"","background-media":"","overlay-type":"","overlay-color":"","overlay-opacity":"","overlay-gradient":""},"tablet":{"background-color":"","background-image":"","background-repeat":"repeat","background-position":"center center","background-size":"auto","background-attachment":"scroll","background-type":"","background-media":"","overlay-type":"","overlay-color":"","overlay-opacity":"","overlay-gradient":""},"mobile":{"background-color":"","background-image":"","background-repeat":"repeat","background-position":"center center","background-size":"auto","background-attachment":"scroll","background-type":"","background-media":"","overlay-type":"","overlay-color":"","overlay-opacity":"","overlay-gradient":""}},"ast-content-background-meta":{"desktop":{"background-color":"var(--ast-global-color-5)","background-image":"","background-repeat":"repeat","background-position":"center center","background-size":"auto","background-attachment":"scroll","background-type":"","background-media":"","overlay-type":"","overlay-color":"","overlay-opacity":"","overlay-gradient":""},"tablet":{"background-color":"var(--ast-global-color-5)","background-image":"","background-repeat":"repeat","background-position":"center center","background-size":"auto","background-attachment":"scroll","background-type":"","background-media":"","overlay-type":"","overlay-color":"","overlay-opacity":"","overlay-gradient":""},"mobile":{"background-color":"var(--ast-global-color-5)","background-image":"","background-repeat":"repeat","background-position":"center center","background-size":"auto","background-attachment":"scroll","background-type":"","background-media":"","overlay-type":"","overlay-color":"","overlay-opacity":"","overlay-gradient":""}}},"class_list":["post-9882","page","type-page","status-publish","hentry"],"acf":[],"_links":{"self":[{"href":"https:\/\/globalebafund.org\/es\/wp-json\/wp\/v2\/pages\/9882","targetHints":{"allow":["GET"]}}],"collection":[{"href":"https:\/\/globalebafund.org\/es\/wp-json\/wp\/v2\/pages"}],"about":[{"href":"https:\/\/globalebafund.org\/es\/wp-json\/wp\/v2\/types\/page"}],"author":[{"embeddable":true,"href":"https:\/\/globalebafund.org\/es\/wp-json\/wp\/v2\/users\/11"}],"replies":[{"embeddable":true,"href":"https:\/\/globalebafund.org\/es\/wp-json\/wp\/v2\/comments?post=9882"}],"version-history":[{"count":25,"href":"https:\/\/globalebafund.org\/es\/wp-json\/wp\/v2\/pages\/9882\/revisions"}],"predecessor-version":[{"id":10011,"href":"https:\/\/globalebafund.org\/es\/wp-json\/wp\/v2\/pages\/9882\/revisions\/10011"}],"wp:attachment":[{"href":"https:\/\/globalebafund.org\/es\/wp-json\/wp\/v2\/media?parent=9882"}],"curies":[{"name":"wp","href":"https:\/\/api.w.org\/{rel}","templated":true}]}}