{"id":3,"date":"2024-10-09T04:59:19","date_gmt":"2024-10-09T02:59:19","guid":{"rendered":"https:\/\/globalebafund.org\/?page_id=3"},"modified":"2025-02-13T07:34:26","modified_gmt":"2025-02-13T07:34:26","slug":"privacy-policy","status":"publish","type":"page","link":"https:\/\/globalebafund.org\/fr\/politique-de-confidentialite-2\/","title":{"rendered":"politique de confidentialit\u00e9"},"content":{"rendered":"<div data-elementor-type=\"wp-page\" data-elementor-id=\"3\" class=\"elementor elementor-3\" data-elementor-post-type=\"page\">\n\t\t\t\t<div class=\"has_ae_slider elementor-element elementor-element-7e66b1f5 e-flex e-con-boxed ae-bg-gallery-type-default e-con e-parent\" data-id=\"7e66b1f5\" data-element_type=\"container\">\n\t\t\t\t\t<div class=\"e-con-inner\">\n\t\t\t\t<div class=\"elementor-element elementor-element-a0b1049 elementor-widget elementor-widget-heading\" data-id=\"a0b1049\" data-element_type=\"widget\" data-settings=\"{&quot;ekit_we_effect_on&quot;:&quot;none&quot;}\" data-widget_type=\"heading.default\">\n\t\t\t\t<div class=\"elementor-widget-container\">\n\t\t\t\t\t<h2 class=\"elementor-heading-title elementor-size-default\">politique de confidentialit\u00e9<\/h2>\t\t\t\t<\/div>\n\t\t\t\t<\/div>\n\t\t\t\t<div class=\"elementor-element elementor-element-c35c076 elementor-widget elementor-widget-text-editor\" data-id=\"c35c076\" data-element_type=\"widget\" data-settings=\"{&quot;ekit_we_effect_on&quot;:&quot;none&quot;}\" data-widget_type=\"text-editor.default\">\n\t\t\t\t<div class=\"elementor-widget-container\">\n\t\t\t\t\t\t\t\t\t\n<p>L&#039;Union internationale pour la conservation de la nature (UICN) et le Programme des Nations Unies pour l&#039;environnement (PNUE), agissant en tant que secr\u00e9tariat du Fonds mondial EbA, s&#039;engagent \u00e0 respecter votre vie priv\u00e9e conform\u00e9ment au R\u00e8glement (UE) 2016\/679 du Parlement europ\u00e9en et du Conseil du 27 avril 2016 relatif \u00e0 la protection des personnes physiques \u00e0 l&#039;\u00e9gard du traitement des donn\u00e9es \u00e0 caract\u00e8re personnel et \u00e0 la libre circulation de ces donn\u00e9es. Je d\u00e9clare :<\/p>\n\n\n\n<ul class=\"wp-block-list\">\n<li>J&#039;autorise par la pr\u00e9sente le traitement de mes donn\u00e9es personnelles (pays et type d&#039;institution) dans le cadre du projet \u00ab Appui \u00e0 la mise en \u0153uvre et \u00e0 la mise \u00e0 l&#039;\u00e9chelle de l&#039;adaptation bas\u00e9e sur les \u00e9cosyst\u00e8mes \u00bb, \u00e0 des fins de reporting ;<\/li>\n\n\n\n<li>Les donn\u00e9es collect\u00e9es seront utilis\u00e9es \u00e0 des fins de reporting dans le cadre du projet \u00ab Soutien \u00e0 la mise en \u0153uvre et \u00e0 l\u2019intensification de l\u2019adaptation bas\u00e9e sur les \u00e9cosyst\u00e8mes \u00bb et l\u2019acc\u00e8s sera accord\u00e9 \u00e0 l\u2019\u00e9quipe de coordination du projet ;<\/li>\n\n\n\n<li>Les donn\u00e9es collect\u00e9es seront conserv\u00e9es pendant une dur\u00e9e maximale de 10 ans.<\/li>\n<\/ul>\n\n\n\n<p>Le Fonds mondial EbA suit l&#039;UICN&nbsp;<a href=\"https:\/\/portals.iucn.org\/dataprotection\/privacypolicy\" target=\"_blank\" rel=\"noreferrer noopener\">politique de confidentialit\u00e9<\/a>.<\/p>\n\n\n\n<p>L&#039;adresse de notre site Web est : https:\/\/globalebafund.org.<\/p>\n\n\n\n<h2 class=\"wp-block-heading\">Quelles donn\u00e9es personnelles nous collectons et pourquoi nous les collectons<\/h2>\n\n\n\n<p>Dans certaines circonstances, vous nous fournissez des informations, par exemple lorsque vous cr\u00e9ez un compte sur les syst\u00e8mes de l&#039;UICN, remplissez des formulaires sur les sites de l&#039;UICN, vous abonnez aux bulletins d&#039;information de l&#039;UICN, vous inscrivez \u00e0 des \u00e9v\u00e9nements, visitez les locaux de l&#039;UICN, correspondez avec nous par t\u00e9l\u00e9phone ou par courrier \u00e9lectronique ou autrement. Les informations que vous nous fournissez peuvent inclure votre titre, votre\/vos nom(s), votre sexe, votre adresse physique, votre adresse \u00e9lectronique, votre num\u00e9ro de t\u00e9l\u00e9phone, votre num\u00e9ro de portable, votre date de naissance, votre nationalit\u00e9, votre pays de r\u00e9sidence, votre description personnelle, votre biographie, votre photographie, les informations relatives \u00e0 votre pi\u00e8ce d&#039;identit\u00e9 ou \u00e0 votre passeport, votre pr\u00e9f\u00e9rence linguistique, votre titre de poste, votre poste, votre organisation, votre type d&#039;organisation, vos domaines d&#039;expertise, votre r\u00f4le, vos coordonn\u00e9es d&#039;urgence, le nom et les coordonn\u00e9es de la\/des personne(s) accompagnante(s), vos informations de paiement, vos coordonn\u00e9es bancaires, vos informations de carte de cr\u00e9dit ou des informations relatives \u00e0 votre exp\u00e9rience professionnelle et aux d\u00e9tails de votre candidature \u00e0 un emploi.<\/p>\n\n\n\n<p>Nous collectons automatiquement les informations suivantes lors de vos visites sur les sites de l&#039;UICN :<\/p>\n\n\n\n<ul class=\"wp-block-list\">\n<li>des informations techniques, y compris l&#039;adresse de protocole Internet (IP) utilis\u00e9e pour connecter votre ordinateur ou appareil mobile \u00e0 Internet, les identifiants en ligne, vos informations de connexion, le type et la version du navigateur, le param\u00e8tre de fuseau horaire, les types et versions de plug-in du navigateur, le syst\u00e8me d&#039;exploitation et la plateforme ; et<\/li>\n\n\n\n<li>des informations sur votre visite, y compris les localisateurs uniformes de ressources (URL) complets, les parcours vers, \u00e0 travers et depuis les sites de l&#039;UICN (y compris la date et l&#039;heure).<\/li>\n<\/ul>\n\n\n\n<p>Dans d&#039;autres circonstances, vous nous fournissez vos informations personnelles telles que vos noms, adresse, adresse \u00e9lectronique, num\u00e9ro de t\u00e9l\u00e9phone et de portable, etc., lorsque vous postulez \u00e0 un emploi, postulez pour devenir membre du Conseil ou de la Commission, \u00eates invit\u00e9 \u00e0 intervenir comme intervenant lors d&#039;un \u00e9v\u00e9nement ou \u00eates un candidat d\u00e9sign\u00e9. En tant que candidat potentiel \u00e0 l&#039;adh\u00e9sion \u00e0 l&#039;UICN, vous nous fournissez \u00e9galement les informations personnelles de votre\/vos repr\u00e9sentant(s).<\/p>\n\n\n\n<h3 class=\"wp-block-heading\">Commentaires<\/h3>\n\n\n\n<p>Lorsque les visiteurs laissent des commentaires sur le site, nous collectons les donn\u00e9es affich\u00e9es dans le formulaire de commentaires, ainsi que l&#039;adresse IP du visiteur et la cha\u00eene de l&#039;agent utilisateur du navigateur pour aider \u00e0 la d\u00e9tection du spam.<\/p>\n\n\n\n<p>Une cha\u00eene anonymis\u00e9e cr\u00e9\u00e9e \u00e0 partir de votre adresse e-mail (\u00e9galement appel\u00e9e hash) peut \u00eatre envoy\u00e9e au service Gravatar pour v\u00e9rifier si vous l&#039;utilisez. La politique de confidentialit\u00e9 du service Gravatar est disponible ici : https:\/\/automattic.com\/privacy\/. Apr\u00e8s approbation de votre commentaire, votre photo de profil sera visible publiquement \u00e0 cot\u00e9 de votre commentaire.<\/p>\n\n\n\n<h3 class=\"wp-block-heading\">M\u00e9dias<\/h3>\n\n\n\n<p>Si vous t\u00e9l\u00e9chargez des images sur le site web, \u00e9vitez de t\u00e9l\u00e9charger des images contenant des donn\u00e9es de localisation int\u00e9gr\u00e9es (EXIF GPS). Les visiteurs du site web peuvent t\u00e9l\u00e9charger et extraire toutes les donn\u00e9es de localisation des images pr\u00e9sentes sur le site web.<\/p>\n\n\n\n<h3 class=\"wp-block-heading\">Formulaires de contact<\/h3>\n\n\n\n<p>Si vous remplissez un formulaire de contact sur ce site, vos donn\u00e9es personnelles sont collect\u00e9es et seront conserv\u00e9es ind\u00e9finiment. Ces informations ne seront pas utilis\u00e9es \u00e0 des fins de marketing.<\/p>\n\n\n\n<h3 class=\"wp-block-heading\">Cookies<\/h3>\n\n\n\n<p>Nous utilisons des cookies \u00e0 plusieurs fins. Les cookies nous aident \u00e0 vous offrir une bonne exp\u00e9rience lorsque vous naviguez sur les syst\u00e8mes et sites de l&#039;UICN et nous permettent de les am\u00e9liorer. En continuant \u00e0 naviguer sur les syst\u00e8mes et sites de l&#039;UICN, vous acceptez l&#039;utilisation de cookies.<\/p>\n\n\n\n<p>Vous pouvez bloquer les cookies en activant le param\u00e8tre de votre navigateur qui vous permet de refuser l&#039;installation de tous ou de certains cookies. Cependant, si vous utilisez les param\u00e8tres de votre navigateur pour bloquer tous les cookies (y compris les cookies essentiels), vous risquez de ne pas pouvoir acc\u00e9der \u00e0 tout ou partie du syst\u00e8me ou des sites en question.<\/p>\n\n\n\n<h3 class=\"wp-block-heading\">Contenu int\u00e9gr\u00e9 provenant d&#039;autres sites Web<\/h3>\n\n\n\n<p>Les articles de ce site peuvent inclure du contenu int\u00e9gr\u00e9 (par exemple des vid\u00e9os, des images, des articles, etc.). Le contenu int\u00e9gr\u00e9 provenant d&#039;autres sites Web se comporte exactement de la m\u00eame mani\u00e8re que si le visiteur avait visit\u00e9 cet autre site Web.<\/p>\n\n\n\n<p>Ces sites Web peuvent collecter des donn\u00e9es sur vous, utiliser des cookies, int\u00e9grer un suivi tiers suppl\u00e9mentaire et surveiller votre interaction avec ce contenu int\u00e9gr\u00e9, y compris le suivi de votre interaction avec le contenu int\u00e9gr\u00e9 si vous avez un compte et \u00eates connect\u00e9 \u00e0 ce site Web.<\/p>\n\n\n\n<h2 class=\"wp-block-heading\">Avec qui partageons-nous vos donn\u00e9es ?<\/h2>\n\n\n\n<p>L&#039;Union internationale pour la conservation de la nature (UICN) et le Programme des Nations Unies pour l&#039;environnement (PNUE), agissant en tant que secr\u00e9tariat du Fonds mondial EbA, s&#039;engagent \u00e0 respecter votre vie priv\u00e9e conform\u00e9ment au r\u00e8glement (UE) 2016\/679 du Parlement europ\u00e9en et du Conseil du 27 avril 2016 relatif \u00e0 la protection des personnes physiques \u00e0 l&#039;\u00e9gard du traitement des donn\u00e9es \u00e0 caract\u00e8re personnel et \u00e0 la libre circulation de ces donn\u00e9es.<\/p>\n\n\n\n<h2 class=\"wp-block-heading\">Combien de temps conservons-nous vos donn\u00e9es ?<\/h2>\n\n\n\n<p>Nous conservons vos informations personnelles aussi longtemps que n\u00e9cessaire pour atteindre l\u2019objectif pour lequel elles ont \u00e9t\u00e9 collect\u00e9es ou pour nous conformer aux exigences l\u00e9gales ou r\u00e9glementaires.<\/p>\n\n\n\n<h2 class=\"wp-block-heading\">Quels droits avez-vous sur vos donn\u00e9es<\/h2>\n\n\n\n<p>Si vous avez un compte ou si vous avez laiss\u00e9 des commentaires sur le site, vous pouvez demander \u00e0 recevoir un fichier contenant toutes les donn\u00e9es personnelles que nous poss\u00e9dons \u00e0 votre sujet, incluant celles que vous nous avez fournies. Vous pouvez \u00e9galement demander la suppression des donn\u00e9es personnelles vous concernant. Cela ne prend pas en compte les donn\u00e9es stock\u00e9es \u00e0 des fins administratives, l\u00e9gales ou de s\u00e9curit\u00e9.<\/p>\n\n\n\n<h2 class=\"wp-block-heading\">O\u00f9 nous envoyons vos donn\u00e9es<\/h2>\n\n\n\n<p>Les commentaires des visiteurs peuvent \u00eatre v\u00e9rifi\u00e9s via un service automatis\u00e9 de d\u00e9tection de spam.<\/p>\n\n\n\n<h3 class=\"wp-block-heading\">Comment nous prot\u00e9geons vos donn\u00e9es<\/h3>\n\n\n\n<p>Nous nous engageons \u00e0 prot\u00e9ger la s\u00e9curit\u00e9 de vos informations personnelles. Toutes les informations personnelles que vous nous fournissez sont trait\u00e9es avec le soin et la s\u00e9curit\u00e9 n\u00e9cessaires et ne seront pas utilis\u00e9es d&#039;une mani\u00e8re autre que celle d\u00e9crite dans la pr\u00e9sente politique de confidentialit\u00e9, ou dans toute politique sp\u00e9cifique \u00e0 un site\/une zone, ou d&#039;une mani\u00e8re \u00e0 laquelle vous n&#039;avez pas explicitement consenti.<\/p>\n\n\n\n<p>Toutes les informations que vous nous fournissez sont stock\u00e9es sur nos serveurs s\u00e9curis\u00e9s. Toutes les transactions de paiement sont trait\u00e9es par des tiers qui traitent les paiements en utilisant des normes de s\u00e9curit\u00e9 reconnues. Lorsque nous vous avons fourni (ou lorsque vous avez choisi) un mot de passe qui vous permet d&#039;acc\u00e9der \u00e0 certaines parties de nos syst\u00e8mes ou sites, vous \u00eates responsable de la confidentialit\u00e9 de ce mot de passe. Nous vous demandons de ne pas partager votre\/vos mot(s) de passe avec qui que ce soit.<\/p>\n\n\n\n<p>Nous nous engageons \u00e0 assurer un niveau \u00e9lev\u00e9 de protection de vos informations personnelles. Nous avons mis en place des mesures techniques et organisationnelles appropri\u00e9es pour prot\u00e9ger les informations conserv\u00e9es sur nos syst\u00e8mes contre toute perte, utilisation abusive, acc\u00e8s ou divulgation non autoris\u00e9s, alt\u00e9ration ou destruction. Bien que les informations personnelles stock\u00e9es par l&#039;UICN soient s\u00e9curis\u00e9es, nous ne pouvons garantir la s\u00e9curit\u00e9 d&#039;aucune information pendant la transmission d&#039;un syst\u00e8me utilisateur jusqu&#039;au moment o\u00f9 les informations personnelles arrivent dans notre syst\u00e8me.<\/p>\n\n\n\n<p>Tous les employ\u00e9s, consultants et autres prestataires de services externes de l&#039;UICN qui ont acc\u00e8s \u00e0 vos informations personnelles ou sont impliqu\u00e9s dans le traitement de vos informations personnelles sont tenus de respecter la confidentialit\u00e9 de toutes ces informations personnelles et de se conformer aux principes de protection des donn\u00e9es applicables.<\/p>\n\n\n\n<h2 class=\"wp-block-heading\">Coordonn\u00e9es<\/h2>\n\n\n\n<p>Contact <a href=\"mailto:ali.raza@iucn.org\" target=\"_blank\" rel=\"noreferrer noopener\">Ali Raza Rizvi<\/a> et <a href=\"mailto:norah.ngeny@un.org\" target=\"_blank\" rel=\"noreferrer noopener\">Norah Cherotich Ngeny<\/a> pour plus d&#039;informations.<\/p>\n\t\t\t\t\t\t\t\t<\/div>\n\t\t\t\t<\/div>\n\t\t\t\t\t<\/div>\n\t\t\t\t<\/div>\n\t\t\t\t<\/div>","protected":false},"excerpt":{"rendered":"<p>Politique de confidentialit\u00e9 L&#039;Union internationale pour la conservation de la nature (UICN) et le Programme des Nations Unies pour l&#039;environnement (PNUE), agissant en tant que [\u2026]<\/p>","protected":false},"author":5,"featured_media":0,"parent":0,"menu_order":0,"comment_status":"closed","ping_status":"closed","template":"","meta":{"_acf_changed":false,"site-sidebar-layout":"default","site-content-layout":"","ast-site-content-layout":"","site-content-style":"default","site-sidebar-style":"default","ast-global-header-display":"","ast-banner-title-visibility":"","ast-main-header-display":"","ast-hfb-above-header-display":"","ast-hfb-below-header-display":"","ast-hfb-mobile-header-display":"","site-post-title":"","ast-breadcrumbs-content":"","ast-featured-img":"","footer-sml-layout":"","theme-transparent-header-meta":"","adv-header-id-meta":"","stick-header-meta":"","header-above-stick-meta":"","header-main-stick-meta":"","header-below-stick-meta":"","astra-migrate-meta-layouts":"default","ast-page-background-enabled":"default","ast-page-background-meta":{"desktop":{"background-color":"var(--ast-global-color-4)","background-image":"","background-repeat":"repeat","background-position":"center center","background-size":"auto","background-attachment":"scroll","background-type":"","background-media":"","overlay-type":"","overlay-color":"","overlay-opacity":"","overlay-gradient":""},"tablet":{"background-color":"","background-image":"","background-repeat":"repeat","background-position":"center center","background-size":"auto","background-attachment":"scroll","background-type":"","background-media":"","overlay-type":"","overlay-color":"","overlay-opacity":"","overlay-gradient":""},"mobile":{"background-color":"","background-image":"","background-repeat":"repeat","background-position":"center center","background-size":"auto","background-attachment":"scroll","background-type":"","background-media":"","overlay-type":"","overlay-color":"","overlay-opacity":"","overlay-gradient":""}},"ast-content-background-meta":{"desktop":{"background-color":"var(--ast-global-color-5)","background-image":"","background-repeat":"repeat","background-position":"center center","background-size":"auto","background-attachment":"scroll","background-type":"","background-media":"","overlay-type":"","overlay-color":"","overlay-opacity":"","overlay-gradient":""},"tablet":{"background-color":"var(--ast-global-color-5)","background-image":"","background-repeat":"repeat","background-position":"center center","background-size":"auto","background-attachment":"scroll","background-type":"","background-media":"","overlay-type":"","overlay-color":"","overlay-opacity":"","overlay-gradient":""},"mobile":{"background-color":"var(--ast-global-color-5)","background-image":"","background-repeat":"repeat","background-position":"center center","background-size":"auto","background-attachment":"scroll","background-type":"","background-media":"","overlay-type":"","overlay-color":"","overlay-opacity":"","overlay-gradient":""}}},"class_list":["post-3","page","type-page","status-publish","hentry"],"acf":[],"_links":{"self":[{"href":"https:\/\/globalebafund.org\/fr\/wp-json\/wp\/v2\/pages\/3","targetHints":{"allow":["GET"]}}],"collection":[{"href":"https:\/\/globalebafund.org\/fr\/wp-json\/wp\/v2\/pages"}],"about":[{"href":"https:\/\/globalebafund.org\/fr\/wp-json\/wp\/v2\/types\/page"}],"author":[{"embeddable":true,"href":"https:\/\/globalebafund.org\/fr\/wp-json\/wp\/v2\/users\/5"}],"replies":[{"embeddable":true,"href":"https:\/\/globalebafund.org\/fr\/wp-json\/wp\/v2\/comments?post=3"}],"version-history":[{"count":8,"href":"https:\/\/globalebafund.org\/fr\/wp-json\/wp\/v2\/pages\/3\/revisions"}],"predecessor-version":[{"id":8833,"href":"https:\/\/globalebafund.org\/fr\/wp-json\/wp\/v2\/pages\/3\/revisions\/8833"}],"wp:attachment":[{"href":"https:\/\/globalebafund.org\/fr\/wp-json\/wp\/v2\/media?parent=3"}],"curies":[{"name":"wp","href":"https:\/\/api.w.org\/{rel}","templated":true}]}}