{"id":9882,"date":"2025-11-25T17:24:35","date_gmt":"2025-11-25T17:24:35","guid":{"rendered":"https:\/\/globalebafund.org\/?page_id=9882"},"modified":"2025-12-04T07:37:55","modified_gmt":"2025-12-04T07:37:55","slug":"scaling-eba","status":"publish","type":"page","link":"https:\/\/globalebafund.org\/fr\/mise-a-lechelle-eba\/","title":{"rendered":"Mise \u00e0 l&#039;\u00e9chelle du projet pour catalyser une adaptation transformatrice fond\u00e9e sur les \u00e9cosyst\u00e8mes \u00e0 l&#039;\u00e9chelle mondiale"},"content":{"rendered":"<div data-elementor-type=\"wp-page\" data-elementor-id=\"9882\" class=\"elementor elementor-9882\" data-elementor-post-type=\"page\">\n\t\t\t\t<div class=\"has_ae_slider elementor-element elementor-element-20f6466 e-flex e-con-boxed ae-bg-gallery-type-default e-con e-parent\" data-id=\"20f6466\" data-element_type=\"container\" data-settings=\"{&quot;background_background&quot;:&quot;classic&quot;}\">\n\t\t\t\t\t<div class=\"e-con-inner\">\n\t\t<div class=\"has_ae_slider elementor-element elementor-element-cc88380 e-con-full e-flex ae-bg-gallery-type-default e-con e-child\" data-id=\"cc88380\" data-element_type=\"container\" data-settings=\"{&quot;background_background&quot;:&quot;classic&quot;}\">\n\t\t\t\t<div class=\"elementor-element elementor-element-3fca33a elementor-widget__width-initial elementor-widget elementor-widget-heading\" data-id=\"3fca33a\" data-element_type=\"widget\" data-settings=\"{&quot;ekit_we_effect_on&quot;:&quot;none&quot;}\" data-widget_type=\"heading.default\">\n\t\t\t\t<div class=\"elementor-widget-container\">\n\t\t\t\t\t<h1 class=\"elementor-heading-title elementor-size-default\">Mise \u00e0 l&#039;\u00e9chelle du projet pour catalyser une adaptation transformatrice fond\u00e9e sur les \u00e9cosyst\u00e8mes \u00e0 l&#039;\u00e9chelle mondiale <\/h1>\t\t\t\t<\/div>\n\t\t\t\t<\/div>\n\t\t\t\t<\/div>\n\t\t\t\t\t<\/div>\n\t\t\t\t<\/div>\n\t\t<div class=\"has_ae_slider elementor-element elementor-element-28d7084 e-flex e-con-boxed ae-bg-gallery-type-default e-con e-parent\" data-id=\"28d7084\" data-element_type=\"container\" data-settings=\"{&quot;background_background&quot;:&quot;classic&quot;}\">\n\t\t\t\t\t<div class=\"e-con-inner\">\n\t\t<div class=\"has_ae_slider elementor-element elementor-element-aba830b e-con-full e-flex ae-bg-gallery-type-default e-con e-child\" data-id=\"aba830b\" data-element_type=\"container\" data-settings=\"{&quot;background_background&quot;:&quot;classic&quot;}\">\n\t\t\t\t<\/div>\n\t\t<div class=\"has_ae_slider elementor-element elementor-element-0b567f2 e-con-full e-flex ae-bg-gallery-type-default e-con e-child\" data-id=\"0b567f2\" data-element_type=\"container\">\n\t\t\t\t<div class=\"elementor-element elementor-element-a39b020 elementor-widget elementor-widget-text-editor\" data-id=\"a39b020\" data-element_type=\"widget\" data-settings=\"{&quot;ekit_we_effect_on&quot;:&quot;none&quot;}\" data-widget_type=\"text-editor.default\">\n\t\t\t\t<div class=\"elementor-widget-container\">\n\t\t\t\t\t\t\t\t\t<h2><b>D\u00e9finition de la mise \u00e0 l&#039;\u00e9chelle<\/b><\/h2><p>Le terme \u00ab\u00a0mise \u00e0 l\u2019\u00e9chelle\u00a0\u00bb est couramment utilis\u00e9 dans le domaine du d\u00e9veloppement durable, mais sa d\u00e9finition varie selon les publications et les acteurs. En r\u00e9sum\u00e9, la mise \u00e0 l\u2019\u00e9chelle peut se d\u00e9finir comme l\u2019accroissement de la \u00ab\u00a0diffusion et du d\u00e9ploiement de technologies et de syst\u00e8mes existants et \u00e9prouv\u00e9s\u00a0\u00bb.<\/p><p>Pour le Fonds mondial pour l\u2019adaptation au changement climatique (EbA), le d\u00e9ploiement \u00e0 grande \u00e9chelle de projets prometteurs et \u00e0 fort impact est essentiel pour maximiser son influence et promouvoir des approches \u00e9prouv\u00e9es en mati\u00e8re d\u2019adaptation au changement climatique. Depuis 2020, le Fonds mondial EbA a constitu\u00e9 un portefeuille diversifi\u00e9 de projets \u00e0 petite \u00e9chelle et \u00e0 fort impact qui exp\u00e9rimentent de nouvelles approches, produisent des donn\u00e9es probantes et renforcent les capacit\u00e9s des partenaires locaux. Cette communaut\u00e9 de pratique en pleine expansion constitue le socle d\u2019une vision d\u2019avenir. <b>D\u00e9ployer \u00e0 plus grande \u00e9chelle des solutions \u00e9prouv\u00e9es d&#039;adaptation fond\u00e9e sur les \u00e9cosyst\u00e8mes pour une r\u00e9silience climatique plus large et durable.<\/b><\/p>\t\t\t\t\t\t\t\t<\/div>\n\t\t\t\t<\/div>\n\t\t\t\t<\/div>\n\t\t\t\t\t<\/div>\n\t\t\t\t<\/div>\n\t\t<div class=\"has_ae_slider elementor-element elementor-element-c82e429 e-flex e-con-boxed ae-bg-gallery-type-default e-con e-parent\" data-id=\"c82e429\" data-element_type=\"container\" data-settings=\"{&quot;background_background&quot;:&quot;classic&quot;}\">\n\t\t\t\t\t<div class=\"e-con-inner\">\n\t\t<div class=\"has_ae_slider elementor-element elementor-element-c08334a e-con-full e-flex ae-bg-gallery-type-default e-con e-child\" data-id=\"c08334a\" data-element_type=\"container\">\n\t\t\t\t<div class=\"elementor-element elementor-element-f4064ff elementor-widget elementor-widget-text-editor\" data-id=\"f4064ff\" data-element_type=\"widget\" data-settings=\"{&quot;ekit_we_effect_on&quot;:&quot;none&quot;}\" data-widget_type=\"text-editor.default\">\n\t\t\t\t<div class=\"elementor-widget-container\">\n\t\t\t\t\t\t\t\t\t<h3><b>Pourquoi la mise \u00e0 l&#039;\u00e9chelle est importante<\/b><\/h3><p>L\u2019adaptation fond\u00e9e sur les \u00e9cosyst\u00e8mes (AFE) a le potentiel de transformer la r\u00e9silience climatique lorsque les solutions d\u00e9passent le cadre des projets et s\u2019int\u00e8grent aux syst\u00e8mes, aux institutions et aux politiques. Mise \u00e0 l\u2019\u00e9chelle des projets prometteurs\u00a0:<\/p><ul><li><b>Multiplie l&#039;impact<\/b> \u00e0 travers les paysages, les communaut\u00e9s et les secteurs<\/li><li><b>S&#039;appuie sur des preuves valid\u00e9es<\/b> et des innovations d\u00e9j\u00e0 test\u00e9es dans le cadre de projets EbA<\/li><li><b>Renforce les engagements nationaux<\/b> dans le cadre des politiques mondiales relatives au climat, \u00e0 la biodiversit\u00e9 et aux terres<\/li><li><b>R\u00e9duit les risques li\u00e9s \u00e0 l&#039;investissement<\/b> pour les institutions financi\u00e8res, le secteur priv\u00e9 et les organisations philanthropiques<\/li><li><b>Acc\u00e9l\u00e8re l&#039;adoption de l&#039;EbA<\/b> l\u00e0 o\u00f9 les besoins en mati\u00e8re de r\u00e9silience sont les plus importants<\/li><\/ul><p>Le Fonds mondial pour l\u2019adaptation aux changements climatiques (EbA) vise \u00e0 renforcer la r\u00e9silience des \u00e9cosyst\u00e8mes et des communaut\u00e9s gr\u00e2ce \u00e0 des projets qui promeuvent des approches catalytiques et innovantes en mati\u00e8re d\u2019adaptation aux changements climatiques.<\/p><p>Son approche de mise \u00e0 l&#039;\u00e9chelle lui permet de servir de pont entre les acteurs et les diff\u00e9rents niveaux, en reliant les innovations communautaires r\u00e9ussies aux m\u00e9canismes nationaux et mondiaux capables de les adopter, de les \u00e9tendre ou de les reproduire.\u00a0<\/p>\t\t\t\t\t\t\t\t<\/div>\n\t\t\t\t<\/div>\n\t\t\t\t<\/div>\n\t\t<div class=\"has_ae_slider elementor-element elementor-element-bbaf891 e-con-full e-flex ae-bg-gallery-type-default e-con e-child\" data-id=\"bbaf891\" data-element_type=\"container\" data-settings=\"{&quot;background_background&quot;:&quot;classic&quot;}\">\n\t\t\t\t<\/div>\n\t\t\t\t\t<\/div>\n\t\t\t\t<\/div>\n\t\t<div class=\"has_ae_slider elementor-element elementor-element-bb95fa7 e-flex e-con-boxed ae-bg-gallery-type-default e-con e-parent\" data-id=\"bb95fa7\" data-element_type=\"container\" data-settings=\"{&quot;background_background&quot;:&quot;classic&quot;}\">\n\t\t\t\t\t<div class=\"e-con-inner\">\n\t\t\t\t<div class=\"elementor-element elementor-element-52f94ce elementor-widget elementor-widget-text-editor\" data-id=\"52f94ce\" data-element_type=\"widget\" data-settings=\"{&quot;ekit_we_effect_on&quot;:&quot;none&quot;}\" data-widget_type=\"text-editor.default\">\n\t\t\t\t<div class=\"elementor-widget-container\">\n\t\t\t\t\t\t\t\t\t<h3><b>\u00c0 quoi ressemblera la mise \u00e0 l&#039;\u00e9chelle<\/b><\/h3><p>Le passage \u00e0 l&#039;\u00e9chelle pour le Fonds mondial EbA ne consiste pas simplement \u00e0 reproduire des projets. Il s&#039;agit d&#039;un processus intentionnel qui s&#039;attaque aux obstacles, lib\u00e8re des opportunit\u00e9s de catalyseur et renforce les voies de passage de l&#039;innovation \u00e0 un impact durable.<\/p><p>Les futurs efforts de soutien \u00e0 la mise \u00e0 l&#039;\u00e9chelle pourraient se concentrer sur quatre approches compl\u00e9mentaires\u00a0:<\/p><ul><li><b>Mise \u00e0 l&#039;\u00e9chelle horizontale\u00a0:<\/b> \u00c9tendre les solutions \u00e0 de nouvelles communaut\u00e9s, de nouveaux paysages ou de nouveaux pays confront\u00e9s \u00e0 des d\u00e9fis climatiques similaires.<\/li><li><b>\u00c9chelle fonctionnelle\u00a0:<\/b> Ajouter de nouvelles composantes th\u00e9matiques \u2014 telles que les politiques, les finances ou l&#039;int\u00e9gration du genre \u2014 pour approfondir l&#039;impact.<\/li><li><b>Mise \u00e0 l&#039;\u00e9chelle verticale\u00a0:<\/b> Int\u00e9grer les approches \u00e9prouv\u00e9es par les projets dans les politiques, les plans et les cadres institutionnels.<\/li><li><b>Mise \u00e0 l&#039;\u00e9chelle organisationnelle\u00a0:<\/b> Renforcer les structures de gouvernance, les partenariats et les capacit\u00e9s institutionnelles qui soutiennent l\u2019EbA.<\/li><\/ul><p>Chaque approche soutient la vision \u00e0 long terme d&#039;int\u00e9grer l&#039;adaptation fond\u00e9e sur les \u00e9cosyst\u00e8mes (AFE) dans la planification de l&#039;adaptation au changement climatique, la gouvernance des ressources naturelles et le d\u00e9veloppement communautaire.<\/p><h3><b>Un mod\u00e8le de mise \u00e0 l&#039;\u00e9chelle ax\u00e9 sur le partenariat<\/b><\/h3><p>Le d\u00e9ploiement \u00e0 grande \u00e9chelle de l&#039;EbA n\u00e9cessite une collaboration intersectorielle, interinstitutionnelle et interr\u00e9gionale. Le Fonds facilitera ce d\u00e9ploiement gr\u00e2ce \u00e0 un mod\u00e8le de partenariat encourageant <b>coop\u00e9ration triangulaire<\/b> impliquant :<\/p><ul><li><b>partenaires b\u00e9n\u00e9ficiaires<\/b> \u2013 des responsables de projets proposant des solutions EbA \u00e9prouv\u00e9es et \u00e9volutives<\/li><li><b>Partenaires cl\u00e9s<\/b> \u2013 les institutions poss\u00e9dant une expertise technique ou des capacit\u00e9s op\u00e9rationnelles<\/li><li><b>Partenaires facilitateurs<\/b> \u2013 donateurs ou organisations soutenant l\u2019expansion ou l\u2019institutionnalisation<\/li><\/ul><p>Gr\u00e2ce \u00e0 ce mod\u00e8le, le Fonds contribuera \u00e0 mettre en relation les partenaires, \u00e0 renforcer l&#039;alignement sur les priorit\u00e9s nationales et \u00e0 amplifier le potentiel des solutions d&#039;EbA pour influencer des syst\u00e8mes plus vastes.<\/p>\t\t\t\t\t\t\t\t<\/div>\n\t\t\t\t<\/div>\n\t\t\t\t<div class=\"elementor-element elementor-element-12a5266 elementor-widget elementor-widget-image\" data-id=\"12a5266\" data-element_type=\"widget\" data-settings=\"{&quot;ekit_we_effect_on&quot;:&quot;none&quot;}\" data-widget_type=\"image.default\">\n\t\t\t\t<div class=\"elementor-widget-container\">\n\t\t\t\t\t\t\t\t\t\t\t\t\t\t\t\t<a href=\"https:\/\/globalebafund.org\/wp-content\/uploads\/2025\/12\/scaling_EbA.png\" data-elementor-open-lightbox=\"yes\" data-elementor-lightbox-title=\"scaling_EbA\" data-e-action-hash=\"#elementor-action%3Aaction%3Dlightbox%26settings%3DeyJpZCI6OTk5NSwidXJsIjoiaHR0cHM6XC9cL2dsb2JhbGViYWZ1bmQub3JnXC93cC1jb250ZW50XC91cGxvYWRzXC8yMDI1XC8xMlwvc2NhbGluZ19FYkEucG5nIn0%3D\">\n\t\t\t\t\t\t\t<img fetchpriority=\"high\" decoding=\"async\" width=\"780\" height=\"653\" src=\"https:\/\/globalebafund.org\/wp-content\/uploads\/2025\/12\/scaling_EbA.png\" class=\"attachment-large size-large wp-image-9995\" alt=\"\" srcset=\"https:\/\/globalebafund.org\/wp-content\/uploads\/2025\/12\/scaling_EbA.png 780w, https:\/\/globalebafund.org\/wp-content\/uploads\/2025\/12\/scaling_EbA-300x251.png 300w, https:\/\/globalebafund.org\/wp-content\/uploads\/2025\/12\/scaling_EbA-768x643.png 768w, https:\/\/globalebafund.org\/wp-content\/uploads\/2025\/12\/scaling_EbA-14x12.png 14w\" sizes=\"(max-width: 780px) 100vw, 780px\" \/>\t\t\t\t\t\t\t\t<\/a>\n\t\t\t\t\t\t\t\t\t\t\t\t\t\t\t<\/div>\n\t\t\t\t<\/div>\n\t\t\t\t\t<\/div>\n\t\t\t\t<\/div>\n\t\t<div class=\"has_ae_slider elementor-element elementor-element-837b66f e-flex e-con-boxed ae-bg-gallery-type-default e-con e-parent\" data-id=\"837b66f\" data-element_type=\"container\" data-settings=\"{&quot;background_background&quot;:&quot;classic&quot;}\">\n\t\t\t\t\t<div class=\"e-con-inner\">\n\t\t<div class=\"has_ae_slider elementor-element elementor-element-d618016 e-con-full e-flex ae-bg-gallery-type-default e-con e-child\" data-id=\"d618016\" data-element_type=\"container\">\n\t\t\t\t<div class=\"elementor-element elementor-element-da67991 elementor-widget elementor-widget-text-editor\" data-id=\"da67991\" data-element_type=\"widget\" data-settings=\"{&quot;ekit_we_effect_on&quot;:&quot;none&quot;}\" data-widget_type=\"text-editor.default\">\n\t\t\t\t<div class=\"elementor-widget-container\">\n\t\t\t\t\t\t\t\t\t<h3><b>Ce que la mise \u00e0 l&#039;\u00e9chelle pourrait apporter<\/b><\/h3><p>Le soutien \u00e0 la mise \u00e0 l&#039;\u00e9chelle visera \u00e0 g\u00e9n\u00e9rer des r\u00e9sultats concrets qui positionnent les projets pour une durabilit\u00e9 et un investissement \u00e0 long terme, tels que\u00a0:<\/p><ul><li>\u00c9valuations fond\u00e9es sur des donn\u00e9es probantes (c.-\u00e0-d. vuln\u00e9rabilit\u00e9, facteurs socio-\u00e9conomiques, genre, faisabilit\u00e9)<\/li><li>Mise \u00e0 jour des politiques ou renforcement institutionnel pour favoriser l&#039;adoption de l&#039;EbA<\/li><li>Propositions compl\u00e8tes de projets ou de programmes pour des m\u00e9canismes de financement plus importants pour le climat et la biodiversit\u00e9<\/li><li>Des consultations cibl\u00e9es avec les parties prenantes pour ouvrir de nouvelles voies d&#039;adoption<\/li><li>Am\u00e9lioration des capacit\u00e9s et de la gouvernance pour renforcer la r\u00e9silience<\/li><\/ul><p>Ces efforts garantissent que les approches efficaces d&#039;\u00e9valuation par les preuves puissent \u00eatre p\u00e9rennis\u00e9es, reproduites et int\u00e9gr\u00e9es \u00e0 plusieurs niveaux.<\/p><h3><b>Pourquoi s&#039;associer au Fonds mondial EbA<\/b><\/h3><p>Le Fonds est id\u00e9alement plac\u00e9 pour stimuler le d\u00e9ploiement mondial de l&#039;EbA\u00a0:<\/p><ul><li><b>Un portefeuille \u00e9prouv\u00e9<\/b> de projets diversifi\u00e9s et novateurs \u00e0 travers les \u00e9cosyst\u00e8mes<\/li><li><b>Un cadre d&#039;examen et de suivi \u00e9tabli<\/b> garantir la qualit\u00e9 et la responsabilit\u00e9<\/li><li><b>Un r\u00e9seau mondial de responsables de la mise en \u0153uvre et d&#039;experts<\/b> agissant en tant que communaut\u00e9 de pratique<\/li><li><b>Alignement avec les cadres politiques mondiaux<\/b> notamment l\u2019Accord de Paris et le Cadre mondial pour la biodiversit\u00e9<\/li><li><b>Vaste expertise en mati\u00e8re d&#039;EbA<\/b> de l&#039;UICN et du PNUE en tant qu&#039;institutions cog\u00e9rantes<\/li><\/ul><p>En s&#039;associant au Fonds mondial EbA, les donateurs peuvent contribuer \u00e0 acc\u00e9l\u00e9rer la transition des initiatives pilotes vers un impact syst\u00e9mique, \u00e0 grande \u00e9chelle et int\u00e9gr\u00e9 aux politiques publiques.<\/p><h3><b>Devenez partenaire avec nous<\/b><\/h3><p>Le Fonds accueille favorablement les partenaires financiers et techniques strat\u00e9giques d\u00e9sireux de contribuer \u00e0 fa\u00e7onner la prochaine g\u00e9n\u00e9ration de r\u00e9silience climatique. Ensemble, nous pouvons\u00a0:<\/p><ul><li>\u00c9tendre la port\u00e9e des approches \u00e9prouv\u00e9es en mati\u00e8re d&#039;EbA<\/li><li>Renforcer les capacit\u00e9s institutionnelles \u00e0 plusieurs niveaux<\/li><li>Favoriser l&#039;innovation et d\u00e9bloquer de nouveaux financements pour l&#039;adaptation<\/li><li>Soutenir les efforts mondiaux visant \u00e0 int\u00e9grer la nature et l&#039;inclusion sociale dans l&#039;action climatique<\/li><\/ul><p>Pour en savoir plus sur les possibilit\u00e9s de partenariat, contactez le Secr\u00e9tariat du Fonds au <a href=\"mailto:contact.EbAFund@iucn.org\">contact.EbAFund@iucn.org<\/a>.<\/p>\t\t\t\t\t\t\t\t<\/div>\n\t\t\t\t<\/div>\n\t\t\t\t<\/div>\n\t\t<div class=\"has_ae_slider elementor-element elementor-element-3b0daa6 e-con-full e-flex ae-bg-gallery-type-default e-con e-child\" data-id=\"3b0daa6\" data-element_type=\"container\" data-settings=\"{&quot;background_background&quot;:&quot;classic&quot;}\">\n\t\t\t\t<\/div>\n\t\t\t\t\t<\/div>\n\t\t\t\t<\/div>\n\t\t\t\t<\/div>","protected":false},"excerpt":{"rendered":"<p>Mise \u00e0 l&#039;\u00e9chelle des projets pour catalyser l&#039;adaptation transformatrice fond\u00e9e sur les \u00e9cosyst\u00e8mes \u00e0 l&#039;\u00e9chelle mondiale\u00a0: d\u00e9finition de la mise \u00e0 l&#039;\u00e9chelle. La mise \u00e0 l&#039;\u00e9chelle est un terme couramment utilis\u00e9 dans le domaine de [\u2026]<\/p>","protected":false},"author":11,"featured_media":0,"parent":0,"menu_order":0,"comment_status":"closed","ping_status":"closed","template":"","meta":{"_acf_changed":false,"site-sidebar-layout":"no-sidebar","site-content-layout":"","ast-site-content-layout":"full-width-container","site-content-style":"default","site-sidebar-style":"default","ast-global-header-display":"","ast-banner-title-visibility":"","ast-main-header-display":"","ast-hfb-above-header-display":"","ast-hfb-below-header-display":"","ast-hfb-mobile-header-display":"","site-post-title":"disabled","ast-breadcrumbs-content":"","ast-featured-img":"disabled","footer-sml-layout":"","theme-transparent-header-meta":"default","adv-header-id-meta":"","stick-header-meta":"default","header-above-stick-meta":"","header-main-stick-meta":"","header-below-stick-meta":"","astra-migrate-meta-layouts":"set","ast-page-background-enabled":"default","ast-page-background-meta":{"desktop":{"background-color":"var(--ast-global-color-4)","background-image":"","background-repeat":"repeat","background-position":"center center","background-size":"auto","background-attachment":"scroll","background-type":"","background-media":"","overlay-type":"","overlay-color":"","overlay-opacity":"","overlay-gradient":""},"tablet":{"background-color":"","background-image":"","background-repeat":"repeat","background-position":"center center","background-size":"auto","background-attachment":"scroll","background-type":"","background-media":"","overlay-type":"","overlay-color":"","overlay-opacity":"","overlay-gradient":""},"mobile":{"background-color":"","background-image":"","background-repeat":"repeat","background-position":"center center","background-size":"auto","background-attachment":"scroll","background-type":"","background-media":"","overlay-type":"","overlay-color":"","overlay-opacity":"","overlay-gradient":""}},"ast-content-background-meta":{"desktop":{"background-color":"var(--ast-global-color-5)","background-image":"","background-repeat":"repeat","background-position":"center center","background-size":"auto","background-attachment":"scroll","background-type":"","background-media":"","overlay-type":"","overlay-color":"","overlay-opacity":"","overlay-gradient":""},"tablet":{"background-color":"var(--ast-global-color-5)","background-image":"","background-repeat":"repeat","background-position":"center center","background-size":"auto","background-attachment":"scroll","background-type":"","background-media":"","overlay-type":"","overlay-color":"","overlay-opacity":"","overlay-gradient":""},"mobile":{"background-color":"var(--ast-global-color-5)","background-image":"","background-repeat":"repeat","background-position":"center center","background-size":"auto","background-attachment":"scroll","background-type":"","background-media":"","overlay-type":"","overlay-color":"","overlay-opacity":"","overlay-gradient":""}}},"class_list":["post-9882","page","type-page","status-publish","hentry"],"acf":[],"_links":{"self":[{"href":"https:\/\/globalebafund.org\/fr\/wp-json\/wp\/v2\/pages\/9882","targetHints":{"allow":["GET"]}}],"collection":[{"href":"https:\/\/globalebafund.org\/fr\/wp-json\/wp\/v2\/pages"}],"about":[{"href":"https:\/\/globalebafund.org\/fr\/wp-json\/wp\/v2\/types\/page"}],"author":[{"embeddable":true,"href":"https:\/\/globalebafund.org\/fr\/wp-json\/wp\/v2\/users\/11"}],"replies":[{"embeddable":true,"href":"https:\/\/globalebafund.org\/fr\/wp-json\/wp\/v2\/comments?post=9882"}],"version-history":[{"count":25,"href":"https:\/\/globalebafund.org\/fr\/wp-json\/wp\/v2\/pages\/9882\/revisions"}],"predecessor-version":[{"id":10011,"href":"https:\/\/globalebafund.org\/fr\/wp-json\/wp\/v2\/pages\/9882\/revisions\/10011"}],"wp:attachment":[{"href":"https:\/\/globalebafund.org\/fr\/wp-json\/wp\/v2\/media?parent=9882"}],"curies":[{"name":"wp","href":"https:\/\/api.w.org\/{rel}","templated":true}]}}